{"id":10,"date":"2021-03-08T10:13:28","date_gmt":"2021-03-08T10:13:28","guid":{"rendered":"https:\/\/dev.maderashtm.com\/?page_id=10"},"modified":"2021-03-17T16:40:49","modified_gmt":"2021-03-17T16:40:49","slug":"inicio","status":"publish","type":"page","link":"https:\/\/dev.maderashtm.com\/","title":{"rendered":"INICIO"},"content":{"rendered":"<p>[et_pb_section fb_built=&#8221;1&#8243; admin_label=&#8221;Hero&#8221; _builder_version=&#8221;4.8.1&#8243; background_enable_image=&#8221;off&#8221; background_video_mp4=&#8221;https:\/\/dev.maderashtm.com\/wp-content\/uploads\/2021\/03\/prueba-2.mp4&#8243; background_enable_video_webm=&#8221;off&#8221; background_video_width=&#8221;1280&#8243; background_video_height=&#8221;720&#8243; width=&#8221;100%&#8221; custom_margin=&#8221;|||&#8221; custom_padding=&#8221;87px|0px|216px|||&#8221; bottom_divider_style=&#8221;slant&#8221; bottom_divider_color=&#8221;#ffffff&#8221; bottom_divider_flip=&#8221;horizontal&#8221; animation_style=&#8221;slide&#8221; animation_direction=&#8221;top&#8221; animation_intensity_slide=&#8221;5%&#8221; animation_starting_opacity=&#8221;100%&#8221;][et_pb_row _builder_version=&#8221;4.8.1&#8243; _module_preset=&#8221;default&#8221;][et_pb_column type=&#8221;4_4&#8243; _builder_version=&#8221;4.8.1&#8243; _module_preset=&#8221;default&#8221;][et_pb_text _builder_version=&#8221;4.8.1&#8243; _module_preset=&#8221;default&#8221; text_font=&#8221;Arimo||||||||&#8221; text_text_color=&#8221;#FFFFFF&#8221; text_font_size=&#8221;21px&#8221; header_font=&#8221;Arimo|800|||||||&#8221; header_text_color=&#8221;#FFFFFF&#8221; header_font_size=&#8221;70px&#8221; text_text_shadow_style=&#8221;preset2&#8243; text_text_shadow_blur_strength=&#8221;0.76em&#8221; text_text_shadow_color=&#8221;#000000&#8243; header_text_shadow_style=&#8221;preset1&#8243; header_text_shadow_blur_strength=&#8221;0.25em&#8221; header_text_shadow_color=&#8221;#000000&#8243;]<\/p>\n<h1 style=\"text-align: center;\">HIJOS DE TOM\u00c1S MART\u00cdN<\/h1>\n<p style=\"text-align: center;\">DEDICADOS A LA EXPLOTACI\u00d3N FORESTAL Y ASERRADO DE MADERA<\/p>\n<p>[\/et_pb_text][\/et_pb_column][\/et_pb_row][\/et_pb_section][et_pb_section fb_built=&#8221;1&#8243; admin_label=&#8221;About&#8221; _builder_version=&#8221;4.8.1&#8243; background_enable_color=&#8221;off&#8221; use_background_color_gradient=&#8221;on&#8221; background_color_gradient_start=&#8221;#ffffff&#8221; background_color_gradient_end=&#8221;rgba(255,255,255,0.91)&#8221; background_image=&#8221;https:\/\/dev.maderashtm.com\/wp-content\/uploads\/2021\/03\/stacked-stacks-of-firewood-firewood-under-the-snow-chopped-trunks-background-texture-1-scaled.jpg&#8221; background_size=&#8221;initial&#8221; background_blend=&#8221;overlay&#8221; custom_padding=&#8221;0px||71px|||&#8221;][et_pb_row _builder_version=&#8221;4.8.1&#8243; _module_preset=&#8221;default&#8221;][et_pb_column type=&#8221;4_4&#8243; _builder_version=&#8221;4.8.1&#8243; _module_preset=&#8221;default&#8221;][et_pb_text _builder_version=&#8221;4.8.1&#8243; _module_preset=&#8221;default&#8221; header_2_font_size=&#8221;34px&#8221; hover_enabled=&#8221;0&#8243; sticky_enabled=&#8221;0&#8243;]<\/p>\n<h2 style=\"text-align: center;\"><span style=\"color: #666666;\">LA EMPRESA<\/span><\/h2>\n<p>[\/et_pb_text][\/et_pb_column][\/et_pb_row][et_pb_row column_structure=&#8221;1_2,1_2&#8243; _builder_version=&#8221;4.8.1&#8243; _module_preset=&#8221;default&#8221; width=&#8221;78.8%&#8221; custom_margin=&#8221;|auto|97px|auto||&#8221; custom_padding=&#8221;9px|||||&#8221;][et_pb_column type=&#8221;1_2&#8243; _builder_version=&#8221;4.8.1&#8243; _module_preset=&#8221;default&#8221;][et_pb_text _builder_version=&#8221;4.8.1&#8243; _module_preset=&#8221;default&#8221; text_font_size=&#8221;16px&#8221; text_line_height=&#8221;1.5em&#8221; custom_margin=&#8221;56px|||||&#8221; custom_padding=&#8221;||0px|||&#8221;]<\/p>\n<p style=\"text-align: justify;\"><span><strong><span class=\"negrita\">Hijos de Tom\u00e1s Mart\u00edn, S.L.<\/span><\/strong>, es una empresa que nace a principios del siglo XX y es constituida como Sociedad Limitada\u00a0<strong><span class=\"negrita\">dedicada a la explotaci\u00f3n forestal y aserrado de madera<\/span>, especializada en el aserrado y preparaci\u00f3n industrial de la madera.<\/strong><\/span><\/p>\n<p style=\"text-align: justify;\"><span> La empresa obtiene toda clase de productos derivados de labores forestales de tala, aserrado y preparaci\u00f3n de \u00e9sta, as\u00ed como de su carpinter\u00eda mec\u00e1nica. <strong>Dispone de\u00a0<span class=\"negrita\">dos centros de trabajo<\/span><\/strong>\u00a0en Do\u00f1a Santos y Villariezo (Burgos).<\/span><\/p>\n<p>[\/et_pb_text][\/et_pb_column][et_pb_column type=&#8221;1_2&#8243; _builder_version=&#8221;4.8.1&#8243; _module_preset=&#8221;default&#8221;][baie_before_after_image src_before=&#8221;https:\/\/dev.maderashtm.com\/wp-content\/uploads\/2021\/03\/fullbg.jpg&#8221; label_before=&#8221;ANTES&#8221; src_after=&#8221;https:\/\/dev.maderashtm.com\/wp-content\/uploads\/2021\/03\/captura-after.jpg&#8221; label_after=&#8221;DESPU\u00c9S&#8221; title_text=&#8221;captura after&#8221; align=&#8221;right&#8221; force_fullwidth=&#8221;on&#8221; _builder_version=&#8221;4.8.1&#8243; _module_preset=&#8221;default&#8221; width=&#8221;100%&#8221; custom_margin=&#8221;45px|||||&#8221; custom_padding=&#8221;0px|||||&#8221; animation_style=&#8221;fade&#8221; animation_direction=&#8221;right&#8221; hover_enabled=&#8221;0&#8243; alt=&#8221;Maderas HTM Antes y Despu\u00e9s&#8221; sticky_enabled=&#8221;0&#8243;][\/baie_before_after_image][\/et_pb_column][\/et_pb_row][et_pb_row column_structure=&#8221;1_2,1_2&#8243; custom_padding_last_edited=&#8221;on|desktop&#8221; _builder_version=&#8221;4.8.1&#8243; max_width=&#8221;80%&#8221; custom_margin=&#8221;-81px|auto||auto||&#8221; custom_padding=&#8221;44px|0px|0px|0px||&#8221; custom_padding_tablet=&#8221;&#8221; custom_padding_phone=&#8221;0px|0px|0px|0px&#8221; use_custom_width=&#8221;on&#8221; width_unit=&#8221;off&#8221;][et_pb_column type=&#8221;1_2&#8243; _builder_version=&#8221;4.8.1&#8243; custom_padding=&#8221;|||&#8221; custom_padding__hover=&#8221;|||&#8221;][et_pb_video src=&#8221;https:\/\/www.youtube.com\/watch?v=MBwvfBYLiHI&#8221; image_src=&#8221;\/\/i.ytimg.com\/vi\/MBwvfBYLiHI\/hqdefault.jpg&#8221; _builder_version=&#8221;4.8.1&#8243; _module_preset=&#8221;default&#8221;][\/et_pb_video][\/et_pb_column][et_pb_column type=&#8221;1_2&#8243; _builder_version=&#8221;3.25&#8243; custom_padding=&#8221;|||&#8221; custom_padding__hover=&#8221;|||&#8221;][\/et_pb_column][\/et_pb_row][\/et_pb_section][et_pb_section fb_built=&#8221;1&#8243; fullwidth=&#8221;on&#8221; _builder_version=&#8221;4.8.1&#8243; _module_preset=&#8221;default&#8221; background_enable_image=&#8221;off&#8221; transform_translate=&#8221;0px|-300px&#8221; transform_translate_linked=&#8221;off&#8221; motion_trigger_start=&#8221;top&#8221;][et_pb_fullwidth_image src=&#8221;https:\/\/dev.maderashtm.com\/wp-content\/uploads\/2021\/03\/fotogramaBYN-e1615549669361.jpg&#8221; alt=&#8221;Maderas HTM A\u00e9reo&#8221; title_text=&#8221;fotogramaBYN&#8221; _builder_version=&#8221;4.8.1&#8243; _module_preset=&#8221;default&#8221; transform_translate=&#8221;0px|-86px&#8221; transform_translate_linked=&#8221;off&#8221; min_height=&#8221;410.9px&#8221; custom_padding=&#8221;0px||0px|||&#8221; hover_enabled=&#8221;0&#8243; sticky_enabled=&#8221;0&#8243;][\/et_pb_fullwidth_image][\/et_pb_section][et_pb_section fb_built=&#8221;1&#8243; _builder_version=&#8221;4.8.1&#8243; _module_preset=&#8221;default&#8221; background_enable_color=&#8221;off&#8221; use_background_color_gradient=&#8221;on&#8221; background_color_gradient_start=&#8221;#ffffff&#8221; background_color_gradient_end=&#8221;rgba(255,255,255,0.91)&#8221; background_color_gradient_end_position=&#8221;42%&#8221; background_image=&#8221;https:\/\/dev.maderashtm.com\/wp-content\/uploads\/2021\/03\/stacked-stacks-of-firewood-firewood-under-the-snow-chopped-trunks-background-texture-1-scaled.jpg&#8221; background_size=&#8221;initial&#8221; background_blend=&#8221;overlay&#8221; custom_margin=&#8221;-290px|||||&#8221; custom_padding=&#8221;0px||3px|||&#8221;][et_pb_row column_structure=&#8221;1_2,1_2&#8243; use_custom_gutter=&#8221;on&#8221; _builder_version=&#8221;4.8.1&#8243; _module_preset=&#8221;default&#8221; custom_padding=&#8221;0px|||||&#8221;][et_pb_column type=&#8221;1_2&#8243; _builder_version=&#8221;4.8.1&#8243; _module_preset=&#8221;default&#8221;][et_pb_image src=&#8221;https:\/\/dev.maderashtm.com\/wp-content\/uploads\/2021\/03\/madera-tradicion-solo-con-sombra.png&#8221; alt=&#8221;M\u00e1quina antigua madera&#8221; title_text=&#8221;madera tradicion solo con sombra&#8221; _builder_version=&#8221;4.8.1&#8243; _module_preset=&#8221;default&#8221; transform_translate=&#8221;0px|-64px&#8221; transform_translate_linked=&#8221;off&#8221; animation_style=&#8221;slide&#8221; animation_direction=&#8221;right&#8221; hover_enabled=&#8221;0&#8243; sticky_enabled=&#8221;0&#8243;][\/et_pb_image][\/et_pb_column][et_pb_column type=&#8221;1_2&#8243; _builder_version=&#8221;4.8.1&#8243; _module_preset=&#8221;default&#8221;][et_pb_text _builder_version=&#8221;4.8.1&#8243; _module_preset=&#8221;default&#8221; text_font_size=&#8221;16px&#8221; text_line_height=&#8221;1.5em&#8221; header_2_text_align=&#8221;left&#8221; header_2_font_size=&#8221;29px&#8221; width=&#8221;100%&#8221; custom_margin=&#8221;-61px|21px||-2px||&#8221; custom_padding=&#8221;79px|0px||10px||&#8221; animation_style=&#8221;slide&#8221; animation_direction=&#8221;left&#8221;]<\/p>\n<h2 style=\"text-align: center;\"><span style=\"color: #666666;\"><strong>Fabricaci\u00f3n, tradicci\u00f3n e innovaci\u00f3n<\/strong><\/span><\/h2>\n<p>&nbsp;<\/p>\n<p style=\"text-align: justify;\"><span><strong><span class=\"negrita\">Hijos de Tom\u00e1s Mart\u00edn, S.L.<\/span><\/strong>, es una empresa que nace a principios del siglo XX y es constituida como Sociedad Limitada\u00a0<strong><span class=\"negrita\">dedicada a la explotaci\u00f3n forestal y aserrado de madera<\/span>, especializada en el aserrado y preparaci\u00f3n industrial de la madera.<\/strong><\/span><\/p>\n<p style=\"text-align: justify;\"><span> La empresa obtiene toda clase de productos derivados de labores forestales de tala, aserrado y preparaci\u00f3n de \u00e9sta, as\u00ed como de su carpinter\u00eda mec\u00e1nica. <strong>Dispone de\u00a0<span class=\"negrita\">dos centros de trabajo<\/span><\/strong>\u00a0en Do\u00f1a Santos y Villariezo (Burgos).<\/span><\/p>\n<p>[\/et_pb_text][\/et_pb_column][\/et_pb_row][\/et_pb_section]<\/p>\n","protected":false},"excerpt":{"rendered":"<p>[et_pb_section fb_built=&#8221;1&#8243; admin_label=&#8221;Hero&#8221; _builder_version=&#8221;4.8.1&#8243; background_enable_image=&#8221;off&#8221; background_video_mp4=&#8221;https:\/\/dev.maderashtm.com\/wp-content\/uploads\/2021\/03\/prueba-2.mp4&#8243; background_enable_video_webm=&#8221;off&#8221; background_video_width=&#8221;1280&#8243; background_video_height=&#8221;720&#8243; width=&#8221;100%&#8221; custom_margin=&#8221;|||&#8221; custom_padding=&#8221;87px|0px|216px|||&#8221; bottom_divider_style=&#8221;slant&#8221; bottom_divider_color=&#8221;#ffffff&#8221; bottom_divider_flip=&#8221;horizontal&#8221; animation_style=&#8221;slide&#8221; animation_direction=&#8221;top&#8221; animation_intensity_slide=&#8221;5%&#8221; animation_starting_opacity=&#8221;100%&#8221;][et_pb_row _builder_version=&#8221;4.8.1&#8243; _module_preset=&#8221;default&#8221;][et_pb_column type=&#8221;4_4&#8243; _builder_version=&#8221;4.8.1&#8243; _module_preset=&#8221;default&#8221;][et_pb_text _builder_version=&#8221;4.8.1&#8243; _module_preset=&#8221;default&#8221; text_font=&#8221;Arimo||||||||&#8221; text_text_color=&#8221;#FFFFFF&#8221; text_font_size=&#8221;21px&#8221; header_font=&#8221;Arimo|800|||||||&#8221; header_text_color=&#8221;#FFFFFF&#8221; header_font_size=&#8221;70px&#8221; text_text_shadow_style=&#8221;preset2&#8243; text_text_shadow_blur_strength=&#8221;0.76em&#8221; text_text_shadow_color=&#8221;#000000&#8243; header_text_shadow_style=&#8221;preset1&#8243; header_text_shadow_blur_strength=&#8221;0.25em&#8221; header_text_shadow_color=&#8221;#000000&#8243;] HIJOS DE TOM\u00c1S MART\u00cdN DEDICADOS A LA EXPLOTACI\u00d3N FORESTAL Y ASERRADO DE MADERA [\/et_pb_text][\/et_pb_column][\/et_pb_row][\/et_pb_section][et_pb_section fb_built=&#8221;1&#8243; admin_label=&#8221;About&#8221; _builder_version=&#8221;4.8.1&#8243; [&hellip;]<\/p>\n","protected":false},"author":2,"featured_media":0,"parent":0,"menu_order":0,"comment_status":"closed","ping_status":"closed","template":"","meta":{"_et_pb_use_builder":"on","_et_pb_old_content":"<!-- wp:divi\/placeholder \/-->","_et_gb_content_width":"","footnotes":""},"class_list":["post-10","page","type-page","status-publish","hentry"],"yoast_head":"<!-- This site is optimized with the Yoast SEO plugin v15.9.2 - https:\/\/yoast.com\/wordpress\/plugins\/seo\/ -->\n<title>Hijos de Tom\u00e1s Mart\u00edn - Maderas HTM<\/title>\n<meta name=\"description\" content=\"Hijos de Tom\u00e1s Mart\u00edn, S.L., es una empresa que nace a principios del siglo XX, especializada en el aserrado y preparaci\u00f3n industrial de la madera.\" \/>\n<link rel=\"canonical\" href=\"https:\/\/dev.maderashtm.com\/\" \/>\n<meta property=\"og:locale\" content=\"es_ES\" \/>\n<meta property=\"og:type\" content=\"article\" \/>\n<meta property=\"og:title\" content=\"Hijos de Tom\u00e1s Mart\u00edn - Maderas HTM\" \/>\n<meta property=\"og:description\" content=\"Hijos de Tom\u00e1s Mart\u00edn, S.L., es una empresa que nace a principios del siglo XX, especializada en el aserrado y preparaci\u00f3n industrial de la madera.\" \/>\n<meta property=\"og:url\" content=\"https:\/\/dev.maderashtm.com\/\" \/>\n<meta property=\"og:site_name\" content=\"HTM\" \/>\n<meta property=\"article:modified_time\" content=\"2021-03-17T16:40:49+00:00\" \/>\n<meta name=\"twitter:card\" content=\"summary_large_image\" \/>\n<meta name=\"twitter:label1\" content=\"Tiempo de lectura\">\n\t<meta name=\"twitter:data1\" content=\"3 minutos\">\n<script type=\"application\/ld+json\" class=\"yoast-schema-graph\">{\"@context\":\"https:\/\/schema.org\",\"@graph\":[{\"@type\":\"WebSite\",\"@id\":\"https:\/\/dev.maderashtm.com\/#website\",\"url\":\"https:\/\/dev.maderashtm.com\/\",\"name\":\"HTM\",\"description\":\"Hijos de Tom\\u00e1s Mart\\u00edn\",\"potentialAction\":[{\"@type\":\"SearchAction\",\"target\":\"https:\/\/dev.maderashtm.com\/?s={search_term_string}\",\"query-input\":\"required name=search_term_string\"}],\"inLanguage\":\"es\"},{\"@type\":\"WebPage\",\"@id\":\"https:\/\/dev.maderashtm.com\/#webpage\",\"url\":\"https:\/\/dev.maderashtm.com\/\",\"name\":\"Hijos de Tom\\u00e1s Mart\\u00edn - Maderas HTM\",\"isPartOf\":{\"@id\":\"https:\/\/dev.maderashtm.com\/#website\"},\"datePublished\":\"2021-03-08T10:13:28+00:00\",\"dateModified\":\"2021-03-17T16:40:49+00:00\",\"description\":\"Hijos de Tom\\u00e1s Mart\\u00edn, S.L., es una empresa que nace a principios del siglo XX, especializada en el aserrado y preparaci\\u00f3n industrial de la madera.\",\"breadcrumb\":{\"@id\":\"https:\/\/dev.maderashtm.com\/#breadcrumb\"},\"inLanguage\":\"es\",\"potentialAction\":[{\"@type\":\"ReadAction\",\"target\":[\"https:\/\/dev.maderashtm.com\/\"]}]},{\"@type\":\"BreadcrumbList\",\"@id\":\"https:\/\/dev.maderashtm.com\/#breadcrumb\",\"itemListElement\":[{\"@type\":\"ListItem\",\"position\":1,\"item\":{\"@type\":\"WebPage\",\"@id\":\"https:\/\/dev.maderashtm.com\/\",\"url\":\"https:\/\/dev.maderashtm.com\/\",\"name\":\"Portada\"}},{\"@type\":\"ListItem\",\"position\":2,\"item\":{\"@type\":\"WebPage\",\"@id\":\"https:\/\/dev.maderashtm.com\/\",\"url\":\"https:\/\/dev.maderashtm.com\/\",\"name\":\"INICIO\"}}]}]}<\/script>\n<!-- \/ Yoast SEO plugin. -->","_links":{"self":[{"href":"https:\/\/dev.maderashtm.com\/index.php\/wp-json\/wp\/v2\/pages\/10","targetHints":{"allow":["GET"]}}],"collection":[{"href":"https:\/\/dev.maderashtm.com\/index.php\/wp-json\/wp\/v2\/pages"}],"about":[{"href":"https:\/\/dev.maderashtm.com\/index.php\/wp-json\/wp\/v2\/types\/page"}],"author":[{"embeddable":true,"href":"https:\/\/dev.maderashtm.com\/index.php\/wp-json\/wp\/v2\/users\/2"}],"replies":[{"embeddable":true,"href":"https:\/\/dev.maderashtm.com\/index.php\/wp-json\/wp\/v2\/comments?post=10"}],"version-history":[{"count":179,"href":"https:\/\/dev.maderashtm.com\/index.php\/wp-json\/wp\/v2\/pages\/10\/revisions"}],"predecessor-version":[{"id":1248,"href":"https:\/\/dev.maderashtm.com\/index.php\/wp-json\/wp\/v2\/pages\/10\/revisions\/1248"}],"wp:attachment":[{"href":"https:\/\/dev.maderashtm.com\/index.php\/wp-json\/wp\/v2\/media?parent=10"}],"curies":[{"name":"wp","href":"https:\/\/api.w.org\/{rel}","templated":true}]}}